{"id":1526,"date":"2023-01-08T20:12:06","date_gmt":"2023-01-08T20:12:06","guid":{"rendered":"https:\/\/quaraconseil.com\/?page_id=1526"},"modified":"2023-01-09T13:31:01","modified_gmt":"2023-01-09T13:31:01","slug":"set-your-medical-devices-regulatory-affairs-framework","status":"publish","type":"page","link":"https:\/\/quaraconseil.com\/fr\/set-your-medical-devices-regulatory-affairs-framework\/","title":{"rendered":"D\u00e9finissez votre cadre d&#8217;affaires r\u00e9glementaires des dispositifs m\u00e9dicaux"},"content":{"rendered":"<p>Quara Conseil vous aide \u00e0 identifier vos besoins en mati\u00e8re d&#8217;Affaires R\u00e9glementaires dans le cadre de la commercialisation de vos dispositifs m\u00e9dicaux. Il s&#8217;agit de d\u00e9terminer la classe de votre dispositif m\u00e9dical ainsi que les r\u00e9glementations induites auxquelles vous devez vous conformer. Nous vous aiderons \u00e0 construire un framework complet vous assurant un Go To Market rapide.<\/p>\n","protected":false},"excerpt":{"rendered":"<p>Quara Conseil vous aide \u00e0 identifier vos besoins en mati\u00e8re d&#8217;Affaires R\u00e9glementaires dans le cadre de la commercialisation de vos dispositifs m\u00e9dicaux. Il s&#8217;agit de d\u00e9terminer la classe de votre &#8230;<\/p>\n","protected":false},"author":1,"featured_media":0,"parent":0,"menu_order":0,"comment_status":"closed","ping_status":"closed","template":"","meta":{"footnotes":""},"class_list":["post-1526","page","type-page","status-publish","hentry"],"yoast_head":"<!-- This site is optimized with the Yoast SEO plugin v26.6 - https:\/\/yoast.com\/wordpress\/plugins\/seo\/ -->\n<title>D\u00e9finissez votre cadre d&#039;affaires r\u00e9glementaires des dispositifs m\u00e9dicaux<\/title>\n<meta name=\"robots\" content=\"index, follow, max-snippet:-1, max-image-preview:large, max-video-preview:-1\" \/>\n<link rel=\"canonical\" href=\"https:\/\/quaraconseil.com\/fr\/set-your-medical-devices-regulatory-affairs-framework\/\" \/>\n<meta property=\"og:locale\" content=\"fr_FR\" \/>\n<meta property=\"og:locale:alternate\" content=\"en_US\" \/>\n<meta property=\"og:type\" content=\"article\" \/>\n<meta property=\"og:title\" content=\"D\u00e9finissez votre cadre d&#039;affaires r\u00e9glementaires des dispositifs m\u00e9dicaux\" \/>\n<meta property=\"og:description\" content=\"Quara Conseil vous aide \u00e0 identifier vos besoins en mati\u00e8re d&#8217;Affaires R\u00e9glementaires dans le cadre de la commercialisation de vos dispositifs m\u00e9dicaux. Il s&#8217;agit de d\u00e9terminer la classe de votre ...\" \/>\n<meta property=\"og:url\" content=\"https:\/\/quaraconseil.com\/fr\/set-your-medical-devices-regulatory-affairs-framework\/\" \/>\n<meta property=\"og:site_name\" content=\"Quara Conseil\" \/>\n<meta property=\"article:modified_time\" content=\"2023-01-09T13:31:01+00:00\" \/>\n<meta name=\"twitter:card\" content=\"summary_large_image\" \/>\n<meta name=\"twitter:label1\" content=\"Dur\u00e9e de lecture estim\u00e9e\" \/>\n\t<meta name=\"twitter:data1\" content=\"1 minute\" \/>\n<script type=\"application\/ld+json\" class=\"yoast-schema-graph\">{\"@context\":\"https:\/\/schema.org\",\"@graph\":[{\"@type\":\"WebPage\",\"@id\":\"https:\/\/quaraconseil.com\/set-your-medical-devices-regulatory-affairs-framework\/\",\"url\":\"https:\/\/quaraconseil.com\/set-your-medical-devices-regulatory-affairs-framework\/\",\"name\":\"D\u00e9finissez votre cadre d'affaires r\u00e9glementaires des dispositifs m\u00e9dicaux\",\"isPartOf\":{\"@id\":\"https:\/\/quaraconseil.com\/#website\"},\"datePublished\":\"2023-01-08T20:12:06+00:00\",\"dateModified\":\"2023-01-09T13:31:01+00:00\",\"breadcrumb\":{\"@id\":\"https:\/\/quaraconseil.com\/set-your-medical-devices-regulatory-affairs-framework\/#breadcrumb\"},\"inLanguage\":\"fr-FR\",\"potentialAction\":[{\"@type\":\"ReadAction\",\"target\":[\"https:\/\/quaraconseil.com\/set-your-medical-devices-regulatory-affairs-framework\/\"]}]},{\"@type\":\"BreadcrumbList\",\"@id\":\"https:\/\/quaraconseil.com\/set-your-medical-devices-regulatory-affairs-framework\/#breadcrumb\",\"itemListElement\":[{\"@type\":\"ListItem\",\"position\":1,\"name\":\"Home\",\"item\":\"https:\/\/quaraconseil.com\/\"},{\"@type\":\"ListItem\",\"position\":2,\"name\":\"Set your medical devices regulatory affairs framework\"}]},{\"@type\":\"WebSite\",\"@id\":\"https:\/\/quaraconseil.com\/#website\",\"url\":\"https:\/\/quaraconseil.com\/\",\"name\":\"Quara Conseil\",\"description\":\"A quality advice to ensure the safety of your medical devices\",\"publisher\":{\"@id\":\"https:\/\/quaraconseil.com\/#organization\"},\"potentialAction\":[{\"@type\":\"SearchAction\",\"target\":{\"@type\":\"EntryPoint\",\"urlTemplate\":\"https:\/\/quaraconseil.com\/?s={search_term_string}\"},\"query-input\":{\"@type\":\"PropertyValueSpecification\",\"valueRequired\":true,\"valueName\":\"search_term_string\"}}],\"inLanguage\":\"fr-FR\"},{\"@type\":\"Organization\",\"@id\":\"https:\/\/quaraconseil.com\/#organization\",\"name\":\"Quara Conseil\",\"url\":\"https:\/\/quaraconseil.com\/\",\"logo\":{\"@type\":\"ImageObject\",\"inLanguage\":\"fr-FR\",\"@id\":\"https:\/\/quaraconseil.com\/#\/schema\/logo\/image\/\",\"url\":\"https:\/\/quaraconseil.com\/wp-content\/uploads\/2022\/12\/cropped-cropped-cropped-cropped-Quara-Logo-1.png\",\"contentUrl\":\"https:\/\/quaraconseil.com\/wp-content\/uploads\/2022\/12\/cropped-cropped-cropped-cropped-Quara-Logo-1.png\",\"width\":146,\"height\":45,\"caption\":\"Quara Conseil\"},\"image\":{\"@id\":\"https:\/\/quaraconseil.com\/#\/schema\/logo\/image\/\"},\"sameAs\":[\"https:\/\/www.linkedin.com\/company\/quara-conseil\/\"]}]}<\/script>\n<!-- \/ Yoast SEO plugin. -->","yoast_head_json":{"title":"D\u00e9finissez votre cadre d'affaires r\u00e9glementaires des dispositifs m\u00e9dicaux","robots":{"index":"index","follow":"follow","max-snippet":"max-snippet:-1","max-image-preview":"max-image-preview:large","max-video-preview":"max-video-preview:-1"},"canonical":"https:\/\/quaraconseil.com\/fr\/set-your-medical-devices-regulatory-affairs-framework\/","og_locale":"fr_FR","og_type":"article","og_title":"[:en]Set your medical devices regulatory affairs framework[:fr]D\u00e9finissez votre cadre d'affaires r\u00e9glementaires des dispositifs m\u00e9dicaux[:] - Quara Conseil","og_description":"Quara Conseil vous aide \u00e0 identifier vos besoins en mati\u00e8re d&#8217;Affaires R\u00e9glementaires dans le cadre de la commercialisation de vos dispositifs m\u00e9dicaux. Il s&#8217;agit de d\u00e9terminer la classe de votre ...","og_url":"https:\/\/quaraconseil.com\/fr\/set-your-medical-devices-regulatory-affairs-framework\/","og_site_name":"Quara Conseil","article_modified_time":"2023-01-09T13:31:01+00:00","twitter_card":"summary_large_image","twitter_misc":{"Dur\u00e9e de lecture estim\u00e9e":"1 minute"},"schema":{"@context":"https:\/\/schema.org","@graph":[{"@type":"WebPage","@id":"https:\/\/quaraconseil.com\/set-your-medical-devices-regulatory-affairs-framework\/","url":"https:\/\/quaraconseil.com\/set-your-medical-devices-regulatory-affairs-framework\/","name":"D\u00e9finissez votre cadre d'affaires r\u00e9glementaires des dispositifs m\u00e9dicaux","isPartOf":{"@id":"https:\/\/quaraconseil.com\/#website"},"datePublished":"2023-01-08T20:12:06+00:00","dateModified":"2023-01-09T13:31:01+00:00","breadcrumb":{"@id":"https:\/\/quaraconseil.com\/set-your-medical-devices-regulatory-affairs-framework\/#breadcrumb"},"inLanguage":"fr-FR","potentialAction":[{"@type":"ReadAction","target":["https:\/\/quaraconseil.com\/set-your-medical-devices-regulatory-affairs-framework\/"]}]},{"@type":"BreadcrumbList","@id":"https:\/\/quaraconseil.com\/set-your-medical-devices-regulatory-affairs-framework\/#breadcrumb","itemListElement":[{"@type":"ListItem","position":1,"name":"Home","item":"https:\/\/quaraconseil.com\/"},{"@type":"ListItem","position":2,"name":"Set your medical devices regulatory affairs framework"}]},{"@type":"WebSite","@id":"https:\/\/quaraconseil.com\/#website","url":"https:\/\/quaraconseil.com\/","name":"Quara Conseil","description":"A quality advice to ensure the safety of your medical devices","publisher":{"@id":"https:\/\/quaraconseil.com\/#organization"},"potentialAction":[{"@type":"SearchAction","target":{"@type":"EntryPoint","urlTemplate":"https:\/\/quaraconseil.com\/?s={search_term_string}"},"query-input":{"@type":"PropertyValueSpecification","valueRequired":true,"valueName":"search_term_string"}}],"inLanguage":"fr-FR"},{"@type":"Organization","@id":"https:\/\/quaraconseil.com\/#organization","name":"Quara Conseil","url":"https:\/\/quaraconseil.com\/","logo":{"@type":"ImageObject","inLanguage":"fr-FR","@id":"https:\/\/quaraconseil.com\/#\/schema\/logo\/image\/","url":"https:\/\/quaraconseil.com\/wp-content\/uploads\/2022\/12\/cropped-cropped-cropped-cropped-Quara-Logo-1.png","contentUrl":"https:\/\/quaraconseil.com\/wp-content\/uploads\/2022\/12\/cropped-cropped-cropped-cropped-Quara-Logo-1.png","width":146,"height":45,"caption":"Quara Conseil"},"image":{"@id":"https:\/\/quaraconseil.com\/#\/schema\/logo\/image\/"},"sameAs":["https:\/\/www.linkedin.com\/company\/quara-conseil\/"]}]}},"_links":{"self":[{"href":"https:\/\/quaraconseil.com\/fr\/wp-json\/wp\/v2\/pages\/1526","targetHints":{"allow":["GET"]}}],"collection":[{"href":"https:\/\/quaraconseil.com\/fr\/wp-json\/wp\/v2\/pages"}],"about":[{"href":"https:\/\/quaraconseil.com\/fr\/wp-json\/wp\/v2\/types\/page"}],"author":[{"embeddable":true,"href":"https:\/\/quaraconseil.com\/fr\/wp-json\/wp\/v2\/users\/1"}],"replies":[{"embeddable":true,"href":"https:\/\/quaraconseil.com\/fr\/wp-json\/wp\/v2\/comments?post=1526"}],"version-history":[{"count":3,"href":"https:\/\/quaraconseil.com\/fr\/wp-json\/wp\/v2\/pages\/1526\/revisions"}],"predecessor-version":[{"id":1576,"href":"https:\/\/quaraconseil.com\/fr\/wp-json\/wp\/v2\/pages\/1526\/revisions\/1576"}],"wp:attachment":[{"href":"https:\/\/quaraconseil.com\/fr\/wp-json\/wp\/v2\/media?parent=1526"}],"curies":[{"name":"wp","href":"https:\/\/api.w.org\/{rel}","templated":true}]}}